{"id":75179,"date":"2019-05-07T11:29:43","date_gmt":"2019-05-07T09:29:43","guid":{"rendered":"https:\/\/blejkan.pl\/our-awards-and-distinctions\/"},"modified":"2020-04-22T14:28:48","modified_gmt":"2020-04-22T12:28:48","slug":"our-awards-and-distinctions","status":"publish","type":"page","link":"https:\/\/www.blejkan.pl\/en\/our-awards-and-distinctions\/","title":{"rendered":"OUR AWARDS AND DISTINCTIONS"},"content":{"rendered":"<div class=\"wpb-content-wrapper\"><p>[vc_row row_height_percent=&#8221;0&#8243; override_padding=&#8221;yes&#8221; h_padding=&#8221;2&#8243; top_padding=&#8221;4&#8243; bottom_padding=&#8221;3&#8243; back_color=&#8221;color-157743&#8243; overlay_alpha=&#8221;50&#8243; gutter_size=&#8221;3&#8243; column_width_percent=&#8221;100&#8243; border_color=&#8221;accent&#8221; border_style=&#8221;solid&#8221; shift_y=&#8221;0&#8243; z_index=&#8221;0&#8243; css=&#8221;.vc_custom_1538135154493{border-top-width: 16px !important;}&#8221;][vc_column column_width_percent=&#8221;100&#8243; gutter_size=&#8221;3&#8243; overlay_alpha=&#8221;50&#8243; shift_x=&#8221;0&#8243; shift_y=&#8221;0&#8243; shift_y_down=&#8221;0&#8243; z_index=&#8221;0&#8243; medium_width=&#8221;0&#8243; mobile_width=&#8221;0&#8243; width=&#8221;1\/1&#8243;][vc_row_inner row_inner_height_percent=&#8221;0&#8243; overlay_alpha=&#8221;50&#8243; gutter_size=&#8221;4&#8243; shift_y=&#8221;0&#8243;][vc_column_inner column_width_percent=&#8221;100&#8243; gutter_size=&#8221;4&#8243; overlay_alpha=&#8221;50&#8243; shift_x=&#8221;0&#8243; shift_y=&#8221;0&#8243; shift_y_down=&#8221;0&#8243; z_index=&#8221;0&#8243; medium_width=&#8221;0&#8243; mobile_width=&#8221;0&#8243; sticky=&#8221;yes&#8221; width=&#8221;1\/3&#8243;][vc_separator sep_color=&#8221;accent&#8221;][vc_custom_heading text_size=&#8221;h1&#8243; text_weight=&#8221;300&#8243; text_color=&#8221;accent&#8221;]Awards and distinctions[\/vc_custom_heading][vc_single_image media=&#8221;75041&#8243; media_lightbox=&#8221;yes&#8221; media_width_percent=&#8221;100&#8243;][\/vc_column_inner][vc_column_inner column_width_percent=&#8221;100&#8243; gutter_size=&#8221;3&#8243; overlay_alpha=&#8221;50&#8243; shift_x=&#8221;0&#8243; shift_y=&#8221;0&#8243; shift_y_down=&#8221;0&#8243; z_index=&#8221;0&#8243; medium_width=&#8221;0&#8243; mobile_width=&#8221;0&#8243; width=&#8221;2\/3&#8243;][vc_separator sep_color=&#8221;color-uydo&#8221;][vc_empty_space empty_h=&#8221;2&#8243; medium_visibility=&#8221;yes&#8221; mobile_visibility=&#8221;yes&#8221;][vc_column_text]<strong>Polish Smart Development Award 2020 \u2013 nomination<\/strong><\/p>\n<p>Our project &#8220;Conducting industrial research and experimental development works in BLEJKAN S.A. in order to create a binder connecting the liner used for renovation with the existing water pipe at the place of connection&#8221; was nominated in the category &#8220;Innovative technologies of the future&#8221;.[\/vc_column_text][vc_column_text]<strong>Business Gazelles 2019 \u2013 nomination<\/strong><\/p>\n<p>We were among 4675 companies nominated to the most popular and oldest list of the most dynamically developing small and medium enterprises.[\/vc_column_text][vc_column_text]<strong>TYTAN AWARDS 2019: Project of the Year \u2013 Renovation<\/strong><\/p>\n<p>BLEJKAN S.A. (leader) and P.P.H.U. AKWA J. Biskup, S. Owczarek sp.j. (partner) JV, for the trenchless renovation of three siphon pipelines under the Vistula River in Cracow, in CIPP technology. Network with a total length of over 843 m was renovated. During the renovation, a DN1500 liner was used, and it was cured with UV light.<\/p>\n<p><em>Investor: Krak\u00f3w Waterworks<\/em>[\/vc_column_text][vc_column_text]<strong>Construction of the Year in Podkarpacie 2018 \u2013 winner<\/strong><\/p>\n<p>First Degree Award in the Urban Engineering category for trenchless renovation of the city&#8217;s sewage and water supply system sections, carried out within the project entitled &#8220;Water and sewage management in Tarnobrzeg &#8211; Stage II&#8221;. The project was executed together with the companies PHU AKWA J. Biskup S. Owczarek sp. j. and INFRA S.A.[\/vc_column_text][vc_column_text]<strong>TYTAN 2018: Project of the year \u2013 rehabilitation<\/strong><\/p>\n<p>The consortium of Terlan sp. z o.o. (leader) and BLEJKAN S.A. for the rehabilitation of the sewage and water pipelines in Pozna\u0144. The scope of the project covered rehabilitation of the Right Sewage Mains I of a length of 1.89 km and diameters from 1000\/1720 to 3200\/2600 using short GRP module relining, and the rehabilitation of sewage pipes using UV CIPP and hot-water CIPP felt sleevs over a length of 18.78 km in the very center of Pozna\u0144. The scope also included manholes (485 pcs.) which were rehabilitated using centrifugal spraying. A total of 2206 top-hat profiles were also glued in.<\/p>\n<p><em>Investor: Aquanet SA<\/em>[\/vc_column_text][vc_column_text]<strong>TYTAN 2016: Project of the year \u2013 rehabilitation<\/strong><\/p>\n<p>Trenchless rehabilitation of a combined sewer in Krak\u00f3w along the Vistula River on its right side from the mouth of Wilga River into the Vistula River near Rollego Street up to the D\u0105bie barrage at Stoczniowc\u00f3w Street. A length of 2700 m of the sewer was rehabilitated using GRP panel relining whose sizes ranged from 1500\/2250 to 3000\/2350, as well as a length of 70 m of a 3000\/2350 sewage which was lined with basalt plates. Three overflow chambers were also rehabilitated using basalt technology. Other manholes and chambers along the sewer were rehabilitated using chemical resistant mineral coatings.<\/p>\n<p><em>Investor: MPWiK Krak\u00f3w S.A.<\/em>[\/vc_column_text][vc_column_text]<strong>TYTAN 2015: Project of the year \u2013 rehabilitation<\/strong><\/p>\n<p>BLEJKAN SA for trenchless rehabilitation of a pre-WW2 concrete combined sewer in Opole with diameters ranging from 750 x 500 to 1100 x 700 mm over the length of 630 m; rehabilitation of 38 active laterals using CIPP sleeves and DN800 packers; sealing 54 laterals using top-hat profiles; silting up existing unused sewers and laterals (11 pcs.); rehabilitation of manholes in sewer (14 pcs.); replacement of manhole covers on manholes S1 through S10 (10 pcs.).<\/p>\n<p><em>Investor: Wodoci\u0105gi i Kanalizacja w Opolu sp. z o.o.<\/em>[\/vc_column_text][vc_column_text]<strong>TYTAN 2014: Project of the year \u2013 rehabilitation<\/strong><\/p>\n<p>BLEJKAN sp. z o.o. and INFRA S.A. for the rehabilitation of sewers and storm drains in Paw\u0142owice.<br \/>\nThe scope of the project carried out in 2014 in the Residential District of Paw\u0142owice, covered a trenchless rehabilitation of 1168.23 m of a sewer (including a CIPP sleeve \u2013 960.92 m, pipe bursting \u2013 207.31 m, rehabilitation of 20 manholes), and a rehabilitation of 2322.27 m of storm drains (including a CIPP sleeve \u2013 1842.77 m, pipe bursting \u2013 363.27, SPR-PE \u2013 305.23 m, and 184 manholes).<\/p>\n<p><em>Investor: Gminny Zak\u0142ad Wodoci\u0105g\u00f3w i Kanalizacji z siedzib\u0105 w Krzy\u017cowicach and Paw\u0142owice District.<\/em>[\/vc_column_text][\/vc_column_inner][\/vc_row_inner][vc_empty_space empty_h=&#8221;3&#8243;][\/vc_column][\/vc_row][vc_row row_height_percent=&#8221;70&#8243; back_image=&#8221;72585&#8243; parallax=&#8221;yes&#8221; overlay_color=&#8221;accent&#8221; overlay_alpha=&#8221;30&#8243; gutter_size=&#8221;3&#8243; column_width_percent=&#8221;100&#8243; shift_y=&#8221;0&#8243; z_index=&#8221;0&#8243; row_height_pixel=&#8221;360&#8243;][vc_column column_width_percent=&#8221;100&#8243; position_vertical=&#8221;middle&#8221; gutter_size=&#8221;3&#8243; style=&#8221;dark&#8221; overlay_alpha=&#8221;50&#8243; shift_x=&#8221;0&#8243; shift_y=&#8221;0&#8243; shift_y_down=&#8221;0&#8243; z_index=&#8221;0&#8243; medium_width=&#8221;0&#8243; mobile_width=&#8221;0&#8243; width=&#8221;1\/2&#8243;][vc_custom_heading text_size=&#8221;bigtext&#8221; text_weight=&#8221;200&#8243; separator=&#8221;yes&#8221; separator_color=&#8221;yes&#8221; sub_reduced=&#8221;yes&#8221; subheading=&#8221;New challenges, new strategies&#8221;]Continuous development<\/p>\n<p>[\/vc_custom_heading][\/vc_column][vc_column width=&#8221;1\/2&#8243;][\/vc_column][\/vc_row][vc_row row_height_percent=&#8221;0&#8243; override_padding=&#8221;yes&#8221; h_padding=&#8221;2&#8243; top_padding=&#8221;4&#8243; bottom_padding=&#8221;0&#8243; overlay_alpha=&#8221;50&#8243; gutter_size=&#8221;3&#8243; border_color=&#8221;color-gyho&#8221; border_style=&#8221;solid&#8221; shift_y=&#8221;0&#8243; css=&#8221;.vc_custom_1459355823506{border-top-width: 1px !important;}&#8221;][vc_column column_width_percent=&#8221;100&#8243; gutter_size=&#8221;3&#8243; overlay_alpha=&#8221;50&#8243; shift_x=&#8221;0&#8243; shift_y=&#8221;0&#8243; z_index=&#8221;0&#8243; medium_width=&#8221;0&#8243; width=&#8221;1\/1&#8243;][vc_custom_heading text_size=&#8221;h6&#8243; text_weight=&#8221;500&#8243; text_transform=&#8221;uppercase&#8221; text_color=&#8221;color-prif&#8221;]What\u2019s new about us?[\/vc_custom_heading][vc_separator][\/vc_column][\/vc_row][vc_row row_height_percent=&#8221;0&#8243; override_padding=&#8221;yes&#8221; h_padding=&#8221;2&#8243; top_padding=&#8221;2&#8243; bottom_padding=&#8221;4&#8243; overlay_alpha=&#8221;50&#8243; gutter_size=&#8221;3&#8243; shift_y=&#8221;0&#8243;][vc_column column_width_use_pixel=&#8221;yes&#8221; gutter_size=&#8221;3&#8243; overlay_alpha=&#8221;50&#8243; shift_x=&#8221;0&#8243; shift_y=&#8221;0&#8243; z_index=&#8221;0&#8243; medium_width=&#8221;0&#8243; width=&#8221;1\/1&#8243;][uncode_index el_id=&#8221;index-197289&#8243; isotope_mode=&#8221;fitRows&#8221; loop=&#8221;size:4|order_by:date|post_type:post|by_id:-4254,-4247&#8243; gutter_size=&#8221;4&#8243; post_items=&#8221;title,text|excerpt|140,sep-one|full,date&#8221; screen_lg=&#8221;1000&#8243; screen_md=&#8221;600&#8243; screen_sm=&#8221;480&#8243; single_width=&#8221;3&#8243; single_overlay_opacity=&#8221;50&#8243; single_padding=&#8221;2&#8243; single_title_dimension=&#8221;h2&#8243; single_title_weight=&#8221;300&#8243; single_css_animation=&#8221;bottom-t-top&#8221; single_animation_delay=&#8221;200&#8243;][\/vc_column][\/vc_row]<\/p>\n<\/div>","protected":false},"excerpt":{"rendered":"<p>[vc_row row_height_percent=&#8221;0&#8243; override_padding=&#8221;yes&#8221; h_padding=&#8221;2&#8243; top_padding=&#8221;4&#8243; bottom_padding=&#8221;3&#8243; back_color=&#8221;color-157743&#8243; overlay_alpha=&#8221;50&#8243; gutter_size=&#8221;3&#8243; column_width_percent=&#8221;100&#8243; border_color=&#8221;accent&#8221; border_style=&#8221;solid&#8221; shift_y=&#8221;0&#8243; z_index=&#8221;0&#8243; css=&#8221;.vc_custom_1538135154493{border-top-width: 16px !important;}&#8221;][vc_column column_width_percent=&#8221;100&#8243; gutter_size=&#8221;3&#8243; overlay_alpha=&#8221;50&#8243; [&hellip;]<\/p>\n","protected":false},"author":1,"featured_media":0,"parent":0,"menu_order":0,"comment_status":"closed","ping_status":"closed","template":"","meta":{"footnotes":""},"class_list":["post-75179","page","type-page","status-publish","hentry"],"aioseo_notices":[],"_links":{"self":[{"href":"https:\/\/www.blejkan.pl\/en\/wp-json\/wp\/v2\/pages\/75179","targetHints":{"allow":["GET"]}}],"collection":[{"href":"https:\/\/www.blejkan.pl\/en\/wp-json\/wp\/v2\/pages"}],"about":[{"href":"https:\/\/www.blejkan.pl\/en\/wp-json\/wp\/v2\/types\/page"}],"author":[{"embeddable":true,"href":"https:\/\/www.blejkan.pl\/en\/wp-json\/wp\/v2\/users\/1"}],"replies":[{"embeddable":true,"href":"https:\/\/www.blejkan.pl\/en\/wp-json\/wp\/v2\/comments?post=75179"}],"version-history":[{"count":0,"href":"https:\/\/www.blejkan.pl\/en\/wp-json\/wp\/v2\/pages\/75179\/revisions"}],"wp:attachment":[{"href":"https:\/\/www.blejkan.pl\/en\/wp-json\/wp\/v2\/media?parent=75179"}],"curies":[{"name":"wp","href":"https:\/\/api.w.org\/{rel}","templated":true}]}}