{"id":75168,"date":"2019-05-07T11:18:48","date_gmt":"2019-05-07T09:18:48","guid":{"rendered":"https:\/\/blejkan.pl\/konserwacje-i-naprawa\/"},"modified":"2020-01-24T12:14:59","modified_gmt":"2020-01-24T11:14:59","slug":"konserwacje-i-naprawa","status":"publish","type":"page","link":"https:\/\/www.blejkan.pl\/en\/konserwacje-i-naprawa\/","title":{"rendered":"Maintenance-repair"},"content":{"rendered":"<div class=\"wpb-content-wrapper\"><p>[vc_row row_height_percent=&#8221;0&#8243; overlay_alpha=&#8221;50&#8243; gutter_size=&#8221;3&#8243; column_width_percent=&#8221;100&#8243; border_color=&#8221;accent&#8221; border_style=&#8221;solid&#8221; shift_y=&#8221;0&#8243; z_index=&#8221;0&#8243; css=&#8221;.vc_custom_1548944632644{border-top-width: 12px !important;}&#8221;][vc_column width=&#8221;1\/1&#8243;][vc_custom_heading heading_semantic=&#8221;h3&#8243; text_size=&#8221;h3&#8243; text_weight=&#8221;300&#8243; subheading=&#8221;zgodnie z PN-EN 752-5; 13689&#8243;]OPIS TECHNICZNY METODY ODNOWY BEZWYKOPOWEJ<br \/>\nKONSERWACJA I NAPRAWA[\/vc_custom_heading][vc_separator sep_color=&#8221;color-gyho&#8221;][\/vc_column][\/vc_row][vc_row][vc_column width=&#8221;1\/2&#8243;][vc_custom_heading heading_semantic=&#8221;h3&#8243; text_size=&#8221;h3&#8243;]OPIS TECHNOLOGII CZYSZCZENIA I KONSERWACJI PRZEWOD\u00d3W KANALIZACYJNYCH<br \/>\nMETOD\u0104 HYDROKINETYCZN\u0104[\/vc_custom_heading][vc_column_text]Hydrokinetyczna metoda czyszczenia i konserwacji kana\u0142\u00f3w polega na wprowadzeniu do wn\u0119trza czyszczonego odcinka w\u0119\u017ca wodnego zako\u0144czonego specjalnymi wodnymi g\u0142owicami czyszcz\u0105cymi. W\u0105\u017c wci\u0105gany jest do przewodu dzi\u0119ki odrzutowi wody wylatuj\u0105cej z g\u0142owicy pod du\u017cym ci\u015bnieniem. Metoda ta ma zastosowanie przy czyszczeniu przewod\u00f3w o \u015brednicach od 100 do 1200 mm.<\/p>\n<p>Mo\u017cna wyr\u00f3\u017cni\u0107 dwa rodzaje urz\u0105dze\u0144 wysokoci\u015bnieniowych:<\/p>\n<ul>\n<li>normalno-ci\u015bnieniowe (pracuj\u0105ce w zakresie ci\u015bnie\u0144 do 200 bar)<\/li>\n<li>hydromonitorowe (pracuj\u0105ce w zakresie ci\u015bnie\u0144 700-1000 bar)<\/li>\n<\/ul>\n<p>Rodzaj u\u017cytego urz\u0105dzenia i g\u0142owicy zale\u017cy od rodzaju przewodu, wyst\u0119puj\u0105cych w nim osad\u00f3w i ich grubo\u015bci oraz powod\u00f3w, dla kt\u00f3rych przeprowadza si\u0119 proces czyszczenia. Jednorazowo mo\u017cna wyczy\u015bci\u0107 odcinki o d\u0142ugo\u015bci od 100 do 500 m w zale\u017cno\u015bci od wielu czynnik\u00f3w, takich jak: przebieg przewodu w planie i przekroju pod\u0142u\u017cnym, zabudowanej armatury, przekroju przewodu jak i ilo\u015bci osadu zalegaj\u0105cego w ruroci\u0105gu.<br \/>\nW\u0105\u017c z g\u0142owic\u0105 wprowadzany jest do przewodu poprzez studzienk\u0119 pocz\u0105tkow\u0105, a nast\u0119pnie po w\u0142\u0105czeniu ci\u015bnienia si\u0142\u0105 odrzutu wody wchodzi w g\u0142\u0105b na maksymaln\u0105 odleg\u0142o\u015b\u0107. Woda, kt\u00f3ra wykonuje prac\u0119 czyszcz\u0105c\u0105 wyp\u0142ukuje r\u00f3wnie\u017c \u201eurobek\u201d w trakcie \u015bci\u0105gania w\u0119\u017ca do wykopu startowego. Osady s\u0105 odsysane z wykopu urz\u0105dzeniami pompowymi na samochodzie asenizacyjnym.<br \/>\nG\u0142owice do czyszczenia mog\u0105 mie\u0107 r\u00f3\u017cne kszta\u0142ty i r\u00f3\u017cny spos\u00f3b pracy. Cz\u0119sto nawet dorabiane s\u0105 na jednostkowe zam\u00f3wienia, co nie stanowi wi\u0119kszego problemu.<br \/>\nPo zako\u0144czeniu czyszczenia w zale\u017cno\u015bci od mo\u017cliwo\u015bci technicznych mo\u017cna wykona\u0107 sprawdzenie skuteczno\u015bci czyszczenia kamerami CCTV lub innymi metodami zaakceptowanymi przez Zamawiaj\u0105cego.[\/vc_column_text][\/vc_column][vc_column width=&#8221;1\/2&#8243;][vc_custom_heading heading_semantic=&#8221;h3&#8243; text_size=&#8221;h3&#8243;]Renowacje <strong>PART LINER<\/strong>[\/vc_custom_heading][vc_column_text]PART- Liner System to uniwersalna i ekonomiczna metoda prowadzenia napraw na sieciach kanalizacyjnych o \u015brednicach od 150 do 1000 mm, poprzez stosowanie r\u0119kaw\u00f3w poliuretanowych o d\u0142ugo\u015bci od 0,5 m do 1,5 m, czyli system &#8220;kr\u00f3tkiego r\u0119kawa&#8221;.<br \/>\nS\u0142u\u017cy on przede wszystkim do napraw punktowych- miejscowych, jak r\u00f3wnie\u017c do renowacji liniowych, w przypadku gdy uszkodzenia na danym ci\u0105gu kanalizacyjnym nie przekraczaj\u0105 30%. W\u00f3wczas to w spos\u00f3b zak\u0142adkowy wykonuje si\u0119 r\u0119kaw naprawczy o po\u017c\u0105danej d\u0142ugo\u015bci (nawet do 15 metr\u00f3w). Materia\u0142ami wyj\u015bciowymi do produkcji r\u0119kaw\u00f3w s\u0105 maty szklane ECR produkowane we Francji i Kanadzie oraz \u017cywice poliuretanowe Harz 2000 produkowane w Niemczech. Komponenty te s\u0105 najwy\u017cszej jako\u015bci i posiadaj\u0105 certyfikaty EU, dopuszczaj\u0105ce do stosowania w renowacjach sieci deszczowych, sanitarnych, og\u00f3lnosp\u0142awnych i przemys\u0142owych.<\/p>\n<p>Metoda ta z powodzeniem wykorzystywana jest do renowacji r\u00f3wnie\u017c na nowych ci\u0105gach kanalizacyjnych, gdzie ujawniono podczas inspekcji TV niewielkie usterki takie jak:<\/p>\n<ul>\n<li>wystaj\u0105ce uszczelki,<\/li>\n<li>ma\u0142e p\u0119kni\u0119cia pod\u0142u\u017cne i poprzeczne,<\/li>\n<li>nieszczelne z\u0142\u0105cza-infiltracje itp.<\/li>\n<\/ul>\n<p>W\u00f3wczas gdy nad kana\u0142em tym zosta\u0142a po\u0142o\u017cona nawierzchnia utwardzona asfaltowa naprawy dokonuje si\u0119 bezinwazyjnie za pomoc\u0105 systemu P-L, jest to mo\u017cliwe do wykonania o wiele szybciej ni\u017c w spos\u00f3b tradycyjny i bez naruszania nowo wybudowanej jezdni.[\/vc_column_text][\/vc_column][\/vc_row][vc_row][vc_column width=&#8221;1\/1&#8243;][uncode_block id=&#8221;74944&#8243;][\/vc_column][\/vc_row]<\/p>\n<\/div>","protected":false},"excerpt":{"rendered":"<p>[vc_row row_height_percent=&#8221;0&#8243; overlay_alpha=&#8221;50&#8243; gutter_size=&#8221;3&#8243; column_width_percent=&#8221;100&#8243; border_color=&#8221;accent&#8221; border_style=&#8221;solid&#8221; shift_y=&#8221;0&#8243; z_index=&#8221;0&#8243; css=&#8221;.vc_custom_1548944632644{border-top-width: 12px !important;}&#8221;][vc_column width=&#8221;1\/1&#8243;][vc_custom_heading heading_semantic=&#8221;h3&#8243; text_size=&#8221;h3&#8243; text_weight=&#8221;300&#8243; subheading=&#8221;zgodnie z PN-EN 752-5; [&hellip;]<\/p>\n","protected":false},"author":1,"featured_media":0,"parent":0,"menu_order":0,"comment_status":"closed","ping_status":"closed","template":"","meta":{"footnotes":""},"class_list":["post-75168","page","type-page","status-publish","hentry"],"aioseo_notices":[],"_links":{"self":[{"href":"https:\/\/www.blejkan.pl\/en\/wp-json\/wp\/v2\/pages\/75168","targetHints":{"allow":["GET"]}}],"collection":[{"href":"https:\/\/www.blejkan.pl\/en\/wp-json\/wp\/v2\/pages"}],"about":[{"href":"https:\/\/www.blejkan.pl\/en\/wp-json\/wp\/v2\/types\/page"}],"author":[{"embeddable":true,"href":"https:\/\/www.blejkan.pl\/en\/wp-json\/wp\/v2\/users\/1"}],"replies":[{"embeddable":true,"href":"https:\/\/www.blejkan.pl\/en\/wp-json\/wp\/v2\/comments?post=75168"}],"version-history":[{"count":0,"href":"https:\/\/www.blejkan.pl\/en\/wp-json\/wp\/v2\/pages\/75168\/revisions"}],"wp:attachment":[{"href":"https:\/\/www.blejkan.pl\/en\/wp-json\/wp\/v2\/media?parent=75168"}],"curies":[{"name":"wp","href":"https:\/\/api.w.org\/{rel}","templated":true}]}}