{"id":75147,"date":"2019-05-07T11:01:26","date_gmt":"2019-05-07T09:01:26","guid":{"rendered":"https:\/\/blejkan.pl\/about-the-company\/"},"modified":"2019-05-07T14:59:02","modified_gmt":"2019-05-07T12:59:02","slug":"about-the-company","status":"publish","type":"page","link":"https:\/\/www.blejkan.pl\/en\/about-the-company\/","title":{"rendered":"About the company"},"content":{"rendered":"<div class=\"wpb-content-wrapper\"><p>[vc_row row_height_percent=&#8221;0&#8243; override_padding=&#8221;yes&#8221; h_padding=&#8221;2&#8243; top_padding=&#8221;2&#8243; bottom_padding=&#8221;0&#8243; back_color=&#8221;color-157743&#8243; overlay_alpha=&#8221;50&#8243; gutter_size=&#8221;3&#8243; column_width_percent=&#8221;100&#8243; border_color=&#8221;accent&#8221; border_style=&#8221;solid&#8221; shift_y=&#8221;0&#8243; z_index=&#8221;0&#8243; css=&#8221;.vc_custom_1538383481406{border-top-width: 16px !important;}&#8221;][vc_column column_width_percent=&#8221;100&#8243; overlay_alpha=&#8221;50&#8243; gutter_size=&#8221;3&#8243; medium_width=&#8221;0&#8243; shift_x=&#8221;0&#8243; shift_y=&#8221;0&#8243; z_index=&#8221;0&#8243; width=&#8221;1\/1&#8243;][vc_empty_space empty_h=&#8221;2&#8243;][vc_custom_heading text_size=&#8221;h1&#8243; text_weight=&#8221;300&#8243; text_transform=&#8221;uppercase&#8221; text_color=&#8221;accent&#8221;]BLEJKAN S.A. &#8211; leader in the rehabilitation industry.[\/vc_custom_heading][vc_separator sep_color=&#8221;accent&#8221;][vc_custom_heading text_size=&#8221;h4&#8243; text_color=&#8221;color-nhtu&#8221;]BLEJKAN S.A. &#8211; leader in the rehabilitation industry. We specialize in the rehabilitation of sewage, water supply, pressure, technological and gas pipes.[\/vc_custom_heading][vc_empty_space empty_h=&#8221;3&#8243;][\/vc_column][\/vc_row][vc_row row_height_percent=&#8221;0&#8243; override_padding=&#8221;yes&#8221; h_padding=&#8221;2&#8243; top_padding=&#8221;2&#8243; bottom_padding=&#8221;2&#8243; overlay_alpha=&#8221;50&#8243; gutter_size=&#8221;3&#8243; column_width_percent=&#8221;100&#8243; shift_y=&#8221;0&#8243; z_index=&#8221;0&#8243;][vc_column column_width_percent=&#8221;100&#8243; override_padding=&#8221;yes&#8221; column_padding=&#8221;0&#8243; overlay_alpha=&#8221;50&#8243; gutter_size=&#8221;3&#8243; medium_width=&#8221;0&#8243; mobile_width=&#8221;0&#8243; shift_x=&#8221;0&#8243; shift_y=&#8221;0&#8243; shift_y_down=&#8221;0&#8243; z_index=&#8221;0&#8243; width=&#8221;1\/3&#8243;][vc_icon icon=&#8221;fa fa-beaker&#8221; icon_color=&#8221;accent&#8221; size=&#8221;fa-5x&#8221; heading_semantic=&#8221;h2&#8243; text_size=&#8221;h1&#8243; text_weight=&#8221;300&#8243; css_animation=&#8221;bottom-t-top&#8221; title=&#8221;Knowledge&#8221;][\/vc_icon][vc_column_text]<\/p>\n<p style=\"text-align: justify;\">At BLEJKAN S.A. we rely on specialist knowledge. We train our employees, invest in technologies and constantly search for new solutions. This allows us to offer our customers a wide range of high quality services.<\/p>\n<p>[\/vc_column_text][\/vc_column][vc_column column_width_percent=&#8221;100&#8243; override_padding=&#8221;yes&#8221; column_padding=&#8221;0&#8243; overlay_alpha=&#8221;50&#8243; gutter_size=&#8221;3&#8243; border_style=&#8221;dashed&#8221; medium_width=&#8221;0&#8243; mobile_width=&#8221;0&#8243; shift_x=&#8221;0&#8243; shift_y=&#8221;0&#8243; shift_y_down=&#8221;0&#8243; z_index=&#8221;0&#8243; width=&#8221;1\/3&#8243;][vc_icon icon=&#8221;fa fa-gears2&#8243; icon_color=&#8221;accent&#8221; size=&#8221;fa-5x&#8221; heading_semantic=&#8221;h2&#8243; text_size=&#8221;h1&#8243; text_weight=&#8221;300&#8243; css_animation=&#8221;bottom-t-top&#8221; title=&#8221;Practice&#8221;][\/vc_icon][vc_column_text]<\/p>\n<p style=\"text-align: justify;\">We rely on many years of experience in the rehabilitation industry. Each contract is a new challenge that motivates us to improve our skills and use the acquired knowledge in other projects.<\/p>\n<p>[\/vc_column_text][\/vc_column][vc_column column_width_percent=&#8221;100&#8243; override_padding=&#8221;yes&#8221; column_padding=&#8221;0&#8243; overlay_alpha=&#8221;50&#8243; gutter_size=&#8221;3&#8243; medium_width=&#8221;0&#8243; mobile_width=&#8221;0&#8243; shift_x=&#8221;0&#8243; shift_y=&#8221;0&#8243; shift_y_down=&#8221;0&#8243; z_index=&#8221;0&#8243; width=&#8221;1\/3&#8243;][vc_icon icon=&#8221;fa fa-tools&#8221; icon_color=&#8221;accent&#8221; size=&#8221;fa-5x&#8221; heading_semantic=&#8221;h1&#8243; text_size=&#8221;bigtext&#8221; text_weight=&#8221;300&#8243; css_animation=&#8221;bottom-t-top&#8221; title=&#8221;Building art&#8221;][\/vc_icon][vc_column_text]<\/p>\n<p style=\"text-align: justify;\">We work with passion and out of passion. We believe that engineering work is an art that needs to be developed and polished. Improving ourselves in the art of construction, we carry out works with the highest diligence and maximum efficiency.<\/p>\n<p>[\/vc_column_text][\/vc_column][\/vc_row][vc_row row_height_percent=&#8221;50&#8243; override_padding=&#8221;yes&#8221; h_padding=&#8221;2&#8243; top_padding=&#8221;3&#8243; bottom_padding=&#8221;2&#8243; overlay_alpha=&#8221;50&#8243; gutter_size=&#8221;4&#8243; column_width_percent=&#8221;100&#8243; mobile_visibility=&#8221;yes&#8221; shift_y=&#8221;0&#8243; z_index=&#8221;0&#8243;][vc_column column_width_percent=&#8221;100&#8243; position_horizontal=&#8221;left&#8221; position_vertical=&#8221;middle&#8221; overlay_alpha=&#8221;50&#8243; gutter_size=&#8221;2&#8243; medium_width=&#8221;4&#8243; shift_x=&#8221;0&#8243; shift_y=&#8221;0&#8243; z_index=&#8221;0&#8243; zoom_width=&#8221;0&#8243; zoom_height=&#8221;0&#8243; width=&#8221;5\/12&#8243;][vc_custom_heading text_size=&#8221;h1&#8243; text_font=&#8221;font-762333&#8243; text_weight=&#8221;200&#8243; subheading=&#8221;We have been present on the Polish market as an independent company since 2007. Our first contracts were for the rehabilitation of trunk sewers. We are still active in rehabilitation of sewers but our offer is growing year by year with new services and technologies. These include almost all known and available trenchless methods in the world. Our company&#8217;s head office is located in Szczecin.&#8221;]BLEJKAN S.A.[\/vc_custom_heading][\/vc_column][vc_column column_width_percent=&#8221;100&#8243; position_vertical=&#8221;middle&#8221; overlay_alpha=&#8221;50&#8243; gutter_size=&#8221;3&#8243; medium_width=&#8221;4&#8243; shift_x=&#8221;0&#8243; shift_y=&#8221;0&#8243; z_index=&#8221;0&#8243; zoom_width=&#8221;0&#8243; zoom_height=&#8221;0&#8243; width=&#8221;7\/12&#8243;][vc_single_image media=&#8221;73072&#8243; media_width_percent=&#8221;100&#8243;][\/vc_column][\/vc_row][vc_row row_height_percent=&#8221;50&#8243; override_padding=&#8221;yes&#8221; h_padding=&#8221;2&#8243; top_padding=&#8221;2&#8243; bottom_padding=&#8221;2&#8243; back_color=&#8221;color-lxmt&#8221; overlay_alpha=&#8221;50&#8243; gutter_size=&#8221;4&#8243; column_width_percent=&#8221;100&#8243; shift_y=&#8221;0&#8243; z_index=&#8221;0&#8243;][vc_column column_width_percent=&#8221;100&#8243; position_vertical=&#8221;middle&#8221; overlay_alpha=&#8221;50&#8243; gutter_size=&#8221;3&#8243; medium_width=&#8221;4&#8243; mobile_width=&#8221;0&#8243; shift_x=&#8221;0&#8243; shift_y=&#8221;0&#8243; shift_y_down=&#8221;0&#8243; z_index=&#8221;0&#8243; zoom_width=&#8221;0&#8243; zoom_height=&#8221;0&#8243; width=&#8221;1\/2&#8243;][vc_single_image media=&#8221;72482&#8243; media_width_percent=&#8221;100&#8243;][\/vc_column][vc_column column_width_percent=&#8221;100&#8243; position_horizontal=&#8221;left&#8221; position_vertical=&#8221;middle&#8221; overlay_alpha=&#8221;50&#8243; gutter_size=&#8221;2&#8243; medium_width=&#8221;4&#8243; shift_x=&#8221;0&#8243; shift_y=&#8221;0&#8243; z_index=&#8221;0&#8243; zoom_width=&#8221;0&#8243; zoom_height=&#8221;0&#8243; width=&#8221;1\/2&#8243;][vc_custom_heading text_size=&#8221;h1&#8243; text_font=&#8221;font-762333&#8243; text_weight=&#8221;200&#8243; subheading=&#8221;We pursue new goals, engage in more and more complex tasks and are not afraid of new challenges. With our human resources, technology and equipment we can carry out even several dozen contracts simultaneously, both in Poland and abroad. In compliance with the adopted policy, we strive to strengthen our market position through development based on knowledge and experience. Our goal is to constantly improve the qualifications and awareness of our staff, implement new technologies and cooperate with leading companies in the industry.<br \/>\nWe are developing &#8211; recently Mazur sp. z o.o. from \u015awiecie and MD Renova Sp. z o.o. sp.k. joined the BLEJKAN Group. We also have shares in Przedsi\u0119biorstwo Rob\u00f3t In\u017cynieryjnych &#8220;ABIKORP&#8220; sp. z o.o., specializing in micro-tunnelling. We are represented in Germany by BLEJKAN GmbH (formerly: AKWA Sanierungstechnik GmbH) and in Romania by BLEJKAN Construct SRL (formerly: Unible Canalizare SRL).&#8221;]Our strategy[\/vc_custom_heading][\/vc_column][\/vc_row][vc_row unlock_row_content=&#8221;yes&#8221; row_height_percent=&#8221;0&#8243; override_padding=&#8221;yes&#8221; h_padding=&#8221;0&#8243; top_padding=&#8221;5&#8243; bottom_padding=&#8221;5&#8243; back_color=&#8221;color-wayh&#8221; back_image=&#8221;72199&#8243; parallax=&#8221;yes&#8221; overlay_color=&#8221;color-wayh&#8221; overlay_alpha=&#8221;65&#8243; gutter_size=&#8221;100&#8243; column_width_percent=&#8221;100&#8243; shift_y=&#8221;0&#8243; z_index=&#8221;0&#8243; style=&#8221;inherited&#8221;][vc_column column_width_percent=&#8221;100&#8243; position_vertical=&#8221;middle&#8221; align_horizontal=&#8221;align_center&#8221; style=&#8221;dark&#8221; overlay_alpha=&#8221;100&#8243; gutter_size=&#8221;3&#8243; medium_width=&#8221;0&#8243; shift_x=&#8221;0&#8243; shift_y=&#8221;0&#8243; z_index=&#8221;0&#8243; zoom_width=&#8221;0&#8243; zoom_height=&#8221;0&#8243; width=&#8221;1\/1&#8243;][vc_button size=&#8221;btn-lg&#8221; radius=&#8221;btn-circle&#8221; outline=&#8221;yes&#8221; border_width=&#8221;0&#8243; link=&#8221;url:https%3A%2F%2Fblejkan.pl%2Fen%2Fcontact%2F|||&#8221; onclick=&#8221;trackOutboundLink(&#8216;http:\/\/themeforest.net\/item\/uncode-creative-multiuse-wordpress-theme\/13373220?utm_source=undsgncta&amp;ref=undsgn&amp;license=regular&amp;open_purchase_for_item_id=13373220&amp;purchasable=source&#8217;); return false;&#8221;]We invite you to cooperation[\/vc_button][\/vc_column][\/vc_row]<\/p>\n<\/div>","protected":false},"excerpt":{"rendered":"<p>[vc_row row_height_percent=&#8221;0&#8243; override_padding=&#8221;yes&#8221; h_padding=&#8221;2&#8243; top_padding=&#8221;2&#8243; bottom_padding=&#8221;0&#8243; back_color=&#8221;color-157743&#8243; overlay_alpha=&#8221;50&#8243; gutter_size=&#8221;3&#8243; column_width_percent=&#8221;100&#8243; border_color=&#8221;accent&#8221; border_style=&#8221;solid&#8221; shift_y=&#8221;0&#8243; z_index=&#8221;0&#8243; css=&#8221;.vc_custom_1538383481406{border-top-width: 16px !important;}&#8221;][vc_column column_width_percent=&#8221;100&#8243; overlay_alpha=&#8221;50&#8243; gutter_size=&#8221;3&#8243; [&hellip;]<\/p>\n","protected":false},"author":1,"featured_media":70533,"parent":0,"menu_order":0,"comment_status":"closed","ping_status":"closed","template":"","meta":{"footnotes":""},"class_list":["post-75147","page","type-page","status-publish","has-post-thumbnail","hentry"],"aioseo_notices":[],"_links":{"self":[{"href":"https:\/\/www.blejkan.pl\/en\/wp-json\/wp\/v2\/pages\/75147","targetHints":{"allow":["GET"]}}],"collection":[{"href":"https:\/\/www.blejkan.pl\/en\/wp-json\/wp\/v2\/pages"}],"about":[{"href":"https:\/\/www.blejkan.pl\/en\/wp-json\/wp\/v2\/types\/page"}],"author":[{"embeddable":true,"href":"https:\/\/www.blejkan.pl\/en\/wp-json\/wp\/v2\/users\/1"}],"replies":[{"embeddable":true,"href":"https:\/\/www.blejkan.pl\/en\/wp-json\/wp\/v2\/comments?post=75147"}],"version-history":[{"count":0,"href":"https:\/\/www.blejkan.pl\/en\/wp-json\/wp\/v2\/pages\/75147\/revisions"}],"wp:featuredmedia":[{"embeddable":true,"href":"https:\/\/www.blejkan.pl\/en\/wp-json\/wp\/v2\/media\/70533"}],"wp:attachment":[{"href":"https:\/\/www.blejkan.pl\/en\/wp-json\/wp\/v2\/media?parent=75147"}],"curies":[{"name":"wp","href":"https:\/\/api.w.org\/{rel}","templated":true}]}}